{"id":5,"date":"2016-01-20T13:16:34","date_gmt":"2016-01-20T13:16:34","guid":{"rendered":"http:\/\/www.podc.org\/dcc2016\/?page_id=5"},"modified":"2021-10-29T10:39:27","modified_gmt":"2021-10-29T14:39:27","slug":"committees","status":"publish","type":"page","link":"https:\/\/www.podc.org\/dcc2016\/committees\/","title":{"rendered":"Committees"},"content":{"rendered":"<h2>TPC Chairs<\/h2>\n<ul>\n<li><a href=\"https:\/\/www.dsp.cs.tu-darmstadt.de\/de\/dsp\/group-members\/\" target=\"_blank\" rel=\"noopener\">Patrick Eugster<\/a>, TU Darmstadt, Germany and Purdue, USA<\/li>\n<li><a href=\"https:\/\/www.linkedin.com\/in\/james-kempf-9011a42\" target=\"_blank\" rel=\"noopener\">James Kempf<\/a>, Ericsson Research, Silicon Valley, USA<\/li>\n<li><a href=\"https:\/\/www.linkedin.com\/in\/rickmcgeer\" target=\"_blank\" rel=\"noopener\">Rick McGeer<\/a>, US Ignite and Communication Design Group, USA<\/li>\n<li><a href=\"http:\/\/www.net.t-labs.tu-berlin.de\/~stefan\/\" target=\"_blank\" rel=\"noopener\">Stefan Schmid<\/a>, Aalborg University, Denmark<\/li>\n<\/ul>\n<h2>TPC<\/h2>\n<ul>\n<li><a href=\"https:\/\/www.linkedin.com\/in\/alialshabibi\" target=\"_blank\" rel=\"noopener\">Ali Al-Shabibi<\/a>, Open Networking Laboratory (ONLab), USA<\/li>\n<li><a href=\"https:\/\/www.linkedin.com\/in\/hadibannazadeh\" target=\"_blank\" rel=\"noopener\">Hadi Bannazadeh<\/a>, University of Toronto, Canada<\/li>\n<li><a href=\"http:\/\/www.cs.princeton.edu\/~acb\/\" target=\"_blank\" rel=\"noopener\">Andy Bavier<\/a>, Princeton University, USA<\/li>\n<li><a href=\"https:\/\/cfaed.tu-dresden.de\/bhatotia-home\" target=\"_blank\" rel=\"noopener\">Pramod Bhatotia<\/a>, TU Dresden, Germany<\/li>\n<li><a href=\"https:\/\/softech.informatik.uni-kl.de\/homepage\/de\/staff\/AnnetteBieniusa\/\" target=\"_blank\" rel=\"noopener\">Annette Bieniusa<\/a>, TU Kaiserslautern, Germany<\/li>\n<li><a href=\"http:\/\/www.ec.tuwien.ac.at\/~ivona\/\" target=\"_blank\" rel=\"noopener\">Ivona Brandic<\/a>, Vienna University of Technology, Austria<\/li>\n<li><a href=\"http:\/\/engineering.nyu.edu\/people\/justin-cappos\" target=\"_blank\" rel=\"noopener\">Justin Cappos<\/a>, New York University, USA<\/li>\n<li><a href=\"http:\/\/pure.rhul.ac.uk\/portal\/en\/persons\/gregory-chockler%28bc850403-f033-4dbe-978f-094e06b3068a%29.html\" target=\"_blank\" rel=\"noopener\">Gregory Chockler<\/a>, Royal Holloway, University of London (RHUL), UK<\/li>\n<li><a href=\"https:\/\/eggert.org\/\" target=\"_blank\" rel=\"noopener\">Lars Eggert<\/a>, NetApp, Germany<\/li>\n<li><a href=\"http:\/\/www-npa.lip6.fr\/~sf\/sergefdida\/Main_page.html\" target=\"_blank\" rel=\"noopener\">Serge Fidida<\/a>, Universit\u00e9 Pierre et Marie Curie (UPMC), Sorbonne University, France<\/li>\n<li><a href=\"http:\/\/www3.cs.stonybrook.edu\/~anshul\/\" target=\"_blank\" rel=\"noopener\">Anshul Gandhi<\/a>, Stony Brook University, USA<\/li>\n<li><a href=\"http:\/\/www.technicolor.com\/en\/erwan-le-merrer\" target=\"_blank\" rel=\"noopener\">Erwan Le Merrer<\/a>, Technicolor, France<\/li>\n<li><a href=\"http:\/\/www.math.tau.ac.il\/~hanoch\/\" target=\"_blank\" rel=\"noopener\">Hanoch Levy<\/a>, Tel Aviv University, Israel<\/li>\n<li><a href=\"http:\/\/people.inf.elte.hu\/lukovszki\/\" target=\"_blank\" rel=\"noopener\">Tam\u00e1s Lukovszki<\/a>, E\u00f6tv\u00f6s Lor\u00e1nd University, Hungary<\/li>\n<li><a href=\"http:\/\/www.it.northwestern.edu\/about\/bios\/mambretti.html\" target=\"_blank\" rel=\"noopener\">Joe Mambretti<\/a>, Northwestern University, USA<\/li>\n<li><a href=\"https:\/\/www.linkedin.com\/in\/catalinmeirosu\" target=\"_blank\" rel=\"noopener\">Catalin Meirosu<\/a>, Ericsson Research, Sweden<\/li>\n<li><a href=\"http:\/\/webhome.cs.uvic.ca\/~hausi\/\" target=\"_blank\" rel=\"noopener\">Hausi M\u00fcller<\/a>, University of Victoria, Canada<\/li>\n<li><a href=\"https:\/\/nakao.iii.u-tokyo.ac.jp\/\" target=\"_blank\" rel=\"noopener\">Akihiro Nakao<\/a>, University of Tokyo, Japan<\/li>\n<li><a href=\"http:\/\/www.cse.chalmers.se\/~ptrianta\/\" target=\"_blank\" rel=\"noopener\">Marina Papatriantafilou<\/a>, Chalmers University of Technology, Sweden<\/li>\n<li><a href=\"http:\/\/www.inf.usi.ch\/faculty\/pedone\/\" target=\"_blank\" rel=\"noopener\">Fernando Pedone<\/a>, University of Lugano (USI), Switzerland<\/li>\n<li><a href=\"https:\/\/www.us-ignite.org\/about\/staff\/\" target=\"_blank\" rel=\"noopener\">Glenn Ricart<\/a>, US Ignite and U. Utah, USA<\/li>\n<li><a href=\"http:\/\/www.flux.utah.edu\/users\/ricci\/\" target=\"_blank\" rel=\"noopener\">Robert Ricci<\/a>, University of Utah, USA<\/li>\n<li><a href=\"https:\/\/www.geni.net\/?page_id=1934\" target=\"_blank\" rel=\"noopener\">Niky Riga<\/a>, BBN Technologies, USA<\/li>\n<li><a href=\"http:\/\/www.gsd.inesc-id.pt\/~rodrigo\/\" target=\"_blank\" rel=\"noopener\">Rodrigo Miragaia Rodrigues<\/a>, Instituto Superior Tecnico (University of Lisbon) and INESC-ID, Portugal<\/li>\n<li><a href=\"http:\/\/www.cse.chalmers.se\/~elad\/\" target=\"_blank\" rel=\"noopener\">Elad Michael Schiller<\/a>, Chalmers University of Technology, Sweden<\/li>\n<li><a href=\"http:\/\/www.ittc.ku.edu\/~jpgs\/\" target=\"_blank\" rel=\"noopener\">James P.G. Sterbenz<\/a>, University of Kansas, USA<\/li>\n<li><a href=\"http:\/\/ftaiani.ouvaton.org\/\" target=\"_blank\" rel=\"noopener\">Fran\u00e7ois Ta\u00efani<\/a>, Universit\u00e9 de Rennes 1, France<\/li>\n<li><a href=\"https:\/\/www.geni.net\/?page_id=293\" target=\"_blank\" rel=\"noopener\">Vicraj Thomas<\/a>, BBN Technologies, USA<\/li>\n<li><a href=\"http:\/\/www.distributed-systems.net\" target=\"_blank\" rel=\"noopener\">Maarten van Steen<\/a>, University of Twente, the Netherlands<\/li>\n<li><a href=\"https:\/\/www.linkedin.com\/in\/brechtvermeulen\" target=\"_blank\" rel=\"noopener\">Brecht Vermeulen<\/a>, iMinds and Ghent University, Belgium<\/li>\n<li><a href=\"http:\/\/vukolic.com\/\" target=\"_blank\" rel=\"noopener\">Marko Vukoli\u0107<\/a>, IBM Research Zurich, Switzerland<\/li>\n<li><a href=\"http:\/\/www.isi.edu\/about\/bio\/john_wroclawski\/\" target=\"_blank\" rel=\"noopener\">John Wroclawski<\/a>, University of Southern California, USA<\/li>\n<\/ul>\n<h2>Publicity \/ Web Chair<\/h2>\n<ul>\n<li><a href=\"https:\/\/www.dsp.cs.tu-darmstadt.de\/de\/dsp\/group-members\/patrick-jahnke\/\" target=\"_blank\" rel=\"noopener\">Patrick Jahnke<\/a>, TU Darmstadt, Germany<\/li>\n<\/ul>\n","protected":false},"excerpt":{"rendered":"<p>TPC Chairs Patrick Eugster, TU Darmstadt, Germany and Purdue, USA James Kempf, Ericsson Research, Silicon Valley, USA Rick McGeer, US Ignite and Communication Design Group, USA Stefan Schmid, Aalborg University, Denmark TPC Ali Al-Shabibi, Open Networking Laboratory (ONLab), USA Hadi Bannazadeh, University of Toronto, Canada Andy Bavier, Princeton University, USA Pramod Bhatotia, TU Dresden, Germany &hellip; <a href=\"https:\/\/www.podc.org\/dcc2016\/committees\/\" class=\"more-link\">Continue reading<span class=\"screen-reader-text\"> &#8220;Committees&#8221;<\/span><\/a><\/p>\n","protected":false},"author":2,"featured_media":0,"parent":0,"menu_order":0,"comment_status":"closed","ping_status":"closed","template":"","meta":{"footnotes":""},"class_list":["post-5","page","type-page","status-publish","hentry"],"_links":{"self":[{"href":"https:\/\/www.podc.org\/dcc2016\/wp-json\/wp\/v2\/pages\/5","targetHints":{"allow":["GET"]}}],"collection":[{"href":"https:\/\/www.podc.org\/dcc2016\/wp-json\/wp\/v2\/pages"}],"about":[{"href":"https:\/\/www.podc.org\/dcc2016\/wp-json\/wp\/v2\/types\/page"}],"author":[{"embeddable":true,"href":"https:\/\/www.podc.org\/dcc2016\/wp-json\/wp\/v2\/users\/2"}],"replies":[{"embeddable":true,"href":"https:\/\/www.podc.org\/dcc2016\/wp-json\/wp\/v2\/comments?post=5"}],"version-history":[{"count":24,"href":"https:\/\/www.podc.org\/dcc2016\/wp-json\/wp\/v2\/pages\/5\/revisions"}],"predecessor-version":[{"id":92,"href":"https:\/\/www.podc.org\/dcc2016\/wp-json\/wp\/v2\/pages\/5\/revisions\/92"}],"wp:attachment":[{"href":"https:\/\/www.podc.org\/dcc2016\/wp-json\/wp\/v2\/media?parent=5"}],"curies":[{"name":"wp","href":"https:\/\/api.w.org\/{rel}","templated":true}]}}