{"id":11,"date":"2019-08-20T16:18:16","date_gmt":"2019-08-20T20:18:16","guid":{"rendered":"http:\/\/www.podc.org\/podc2020\/?page_id=11"},"modified":"2021-10-29T10:41:01","modified_gmt":"2021-10-29T14:41:01","slug":"program-committee","status":"publish","type":"page","link":"https:\/\/www.podc.org\/podc2020\/program-committee\/","title":{"rendered":"Program committee"},"content":{"rendered":"\n<ul>\n<li data-tadv-p=\"keep\">Ittai Abraham, VMware Research, Israel<\/li>\n<li data-tadv-p=\"keep\">Dan Alistarh, IST Austria, Austria<\/li>\n<li data-tadv-p=\"keep\">Chen Avin, Ben-Gurion University, Israel<\/li>\n<li data-tadv-p=\"keep\">Alkida Balliu, Aalto University, Finland<\/li>\n<li data-tadv-p=\"keep\">Trevor Brown, University of Waterloo, Canada<\/li>\n<li data-tadv-p=\"keep\">Janna Burman, Universit\u00e9 Paris-Sud &#8211; LRI, France<\/li>\n<li data-tadv-p=\"keep\">Christian Cachin (chair), University of Bern, Switzerland<\/li>\n<li data-tadv-p=\"keep\">Gregory Chockler, Royal Holloway University of London and University of Surrey, United Kingdom<\/li>\n<li data-tadv-p=\"keep\">Ran Cohen, Northeastern University, USA<\/li>\n<li data-tadv-p=\"keep\">Bernardo Machado David, IT University of Copenhagen, Denmark<\/li>\n<li data-tadv-p=\"keep\">Robert Els\u00e4sser, University of Salzburg, Austria<\/li>\n<li data-tadv-p=\"keep\">Yuval Emek, Technion, Israel<\/li>\n<li data-tadv-p=\"keep\">Chaya Ganesh, Aarhus University and Indian Institute of Science, Denmark<\/li>\n<li data-tadv-p=\"keep\">Peter Gazi, IOHK, Slovakia<\/li>\n<li data-tadv-p=\"keep\">Mohsen Ghaffari, ETH Zurich, Switzerland<\/li>\n<li data-tadv-p=\"keep\">Seth Gilbert, National University of Singapore, Singapore<\/li>\n<li data-tadv-p=\"keep\">Wojciech Golab, University of Waterloo, Canada<\/li>\n<li data-tadv-p=\"keep\">Alexey Gotsman, IMDEA Software Institute, Spain<\/li>\n<li data-tadv-p=\"keep\">Vincent Gramoli, University of Sydney, Australia<\/li>\n<li data-tadv-p=\"keep\">Taisuke Izumi, Nagoya Institute of Technology, Japan<\/li>\n<li data-tadv-p=\"keep\">Fabian Kuhn, University of Freiburg, Germany<\/li>\n<li data-tadv-p=\"keep\">Petr Kuznetsov, Telecom Paris &#8211; Institut Polytechnique Paris, France<\/li>\n<li data-tadv-p=\"keep\">Christoph Lenzen, Max-Planck-Institut f\u00fcr Informatik, Germany<\/li>\n<li data-tadv-p=\"keep\">Kartik Nayak, Duke University, USA<\/li>\n<li data-tadv-p=\"keep\">Calvin Newport, Georgetown University, USA<\/li>\n<li data-tadv-p=\"keep\">Thomas Nowak, Universit\u00e9 Paris-Sud, France<\/li>\n<li data-tadv-p=\"keep\">Roberto Palmieri, Lehigh University, USA<\/li>\n<li data-tadv-p=\"keep\">Merav Parter, Weizmann Institute of Science, Israel<\/li>\n<li data-tadv-p=\"keep\">Ami Paz, University of Vienna, Austria<\/li>\n<li data-tadv-p=\"keep\">Fernando Pedone, University of Lugano, Switzerland<\/li>\n<li data-tadv-p=\"keep\">Sergio Rajsbaum, Universidad Nacional Autonoma de Mexico, Mexico<\/li>\n<li data-tadv-p=\"keep\">Andrea Richa, Arizona State University, USA<\/li>\n<li data-tadv-p=\"keep\">Peter Robinson, City University of Hong Kong, Hong Kong<\/li>\n<li data-tadv-p=\"keep\">Jared Saia, University of New Mexico, USA<\/li>\n<li data-tadv-p=\"keep\">Alexander Spiegelman, VMware Research, Israel<\/li>\n<li data-tadv-p=\"keep\">Corentin Travers, LaBRI &#8211; Bordeaux INP, France<\/li>\n<li data-tadv-p=\"keep\">Lewis Tseng, Boston College, USA<\/li>\n<li data-tadv-p=\"keep\">Przemys\u0142aw Uzna\u0144ski, University of Wroc\u0142aw, Poland<\/li>\n<li data-tadv-p=\"keep\">Marko Vukolic, IBM Research &#8211; Zurich, Switzerland<\/li>\n<li data-tadv-p=\"keep\">Philipp Woelfel, University of Calgary, Canada<\/li>\n<\/ul>\n","protected":false},"excerpt":{"rendered":"<p>Ittai Abraham, VMware Research, Israel Dan Alistarh, IST Austria, Austria Chen Avin, Ben-Gurion University, Israel Alkida Balliu, Aalto University, Finland Trevor Brown, University of Waterloo, Canada Janna Burman, Universit\u00e9 Paris-Sud &#8211; LRI, France Christian Cachin (chair), University of Bern, Switzerland Gregory Chockler, Royal Holloway University of London and University of Surrey, United Kingdom Ran Cohen, &hellip; <a href=\"https:\/\/www.podc.org\/podc2020\/program-committee\/\" class=\"more-link\">Continue reading<span class=\"screen-reader-text\"> &#8220;Program committee&#8221;<\/span><\/a><\/p>\n","protected":false},"author":2,"featured_media":0,"parent":0,"menu_order":0,"comment_status":"closed","ping_status":"closed","template":"","meta":{"footnotes":""},"class_list":["post-11","page","type-page","status-publish","hentry"],"_links":{"self":[{"href":"https:\/\/www.podc.org\/podc2020\/wp-json\/wp\/v2\/pages\/11","targetHints":{"allow":["GET"]}}],"collection":[{"href":"https:\/\/www.podc.org\/podc2020\/wp-json\/wp\/v2\/pages"}],"about":[{"href":"https:\/\/www.podc.org\/podc2020\/wp-json\/wp\/v2\/types\/page"}],"author":[{"embeddable":true,"href":"https:\/\/www.podc.org\/podc2020\/wp-json\/wp\/v2\/users\/2"}],"replies":[{"embeddable":true,"href":"https:\/\/www.podc.org\/podc2020\/wp-json\/wp\/v2\/comments?post=11"}],"version-history":[{"count":3,"href":"https:\/\/www.podc.org\/podc2020\/wp-json\/wp\/v2\/pages\/11\/revisions"}],"predecessor-version":[{"id":126,"href":"https:\/\/www.podc.org\/podc2020\/wp-json\/wp\/v2\/pages\/11\/revisions\/126"}],"wp:attachment":[{"href":"https:\/\/www.podc.org\/podc2020\/wp-json\/wp\/v2\/media?parent=11"}],"curies":[{"name":"wp","href":"https:\/\/api.w.org\/{rel}","templated":true}]}}