{"id":185,"date":"2024-04-22T13:06:26","date_gmt":"2024-04-22T13:06:26","guid":{"rendered":"https:\/\/www.podc.org\/podc2024\/?page_id=185"},"modified":"2024-05-30T11:00:44","modified_gmt":"2024-05-30T11:00:44","slug":"list-of-accepted-papers","status":"publish","type":"page","link":"https:\/\/www.podc.org\/podc2024\/list-of-accepted-papers\/","title":{"rendered":"List of accepted papers"},"content":{"rendered":"\n<h2 class=\"wp-block-heading\"><strong>Full Papers<\/strong><\/h2>\n\n\n\n<p>Even-Cycle Detection in the Randomized and Quantum CONGEST Model<br>P. Fraigniaud, M. Luce, F. Magniez, I. Todinca<\/p>\n\n\n\n<p>Game Dynamics and Equilibrium Computation in the Population Protocol Model<br>D. Alistarh, K. Chatterjee, M. Karrabi, J. Lazarsfeld<\/p>\n\n\n\n<p>Fully Automated Selfish Mining Analysis in Efficient Proof Systems Blockchains<br>K. Chatterjee, A. Ebrahim-Zadeh, M. Karrabi, K. Pietrzak, M. Yeo, \u0110. \u017dikeli\u0107<\/p>\n\n\n\n<p>Streaming Graph Algorithms in the Massively Parallel Computation Model<br>A. Czumaj, G. Mishra, A. Mukherjee<\/p>\n\n\n\n<p>Dragon: Decentralization at the cost of Representation after Arbitrary Grouping and Its Applications to Sub-cubic DKG and Interactive Consistency<br>H. Feng, Z. Lu, Q. Tang<\/p>\n\n\n\n<p>Completing the Node-Averaged Complexity Landscape of LCLs on Trees<br>A. Balliu, S. Brandt, F. Kuhn, D. Olivetti, G. Schmid<\/p>\n\n\n\n<p>A LOCAL View of the Polynomial Hierarchy<br>F. Reiter<\/p>\n\n\n\n<p>Determining Recoverable Consensus Numbers<br>S. Ovens<\/p>\n\n\n\n<p>Polylogarithmic Time Algorithms for Shortest Path Forests in Programmable Matter<br>A. Padalkin, C. Scheideler<\/p>\n\n\n\n<p>Impossibility Results for Data-Center Routing with Congestion Control and Unsplittable Flows<br>M. Ferreira, N. Atre, J. Sherry, J. Sobrinho<\/p>\n\n\n\n<p>On Self-stabilizing Leader Election in Directed Networks<br>K. Altisen, A. Cournier, G. Defalque, S. Devismes<\/p>\n\n\n\n<p>Asynchrony-Resilient Sleepy Total-Order Broadcast Protocols<br>L. Zanolini, F. D&#8217;Amato, G. Losa<\/p>\n\n\n\n<p> All Byzantine Agreement Problems are Expensive<br>P. Civit, S. Gilbert, R. Guerraoui, J. Komatovic, A. Paramonov, M. Vidigueira<\/p>\n\n\n\n<p>TetraBFT: Reducing Latency of Unauthenticated, Responsive BFT Consensus<br>Q. Yu, G. Losa, X. Wang<\/p>\n\n\n\n<p>Lumiere: Making Optimal BFT for Partial Synchrony Practical<br>A. Lewis-Pye, D. Malkhi, O. Naor, K. Nayak<\/p>\n\n\n\n<p>On the Power of Quantum Distributed Proofs<br>A. Hasegawa, S. Kundu, H. Nishimura<\/p>\n\n\n\n<p>The Computational Power of Distributed Shared-Memory Models with Bounded-Size Registers<br>C. Delporte-Gallet, H. Fauconnier, P. Fraigniaud, S. Rajsbaum, C. Travers<\/p>\n\n\n\n<p>Strong Linearizability using Primitives with Consensus Number 2<br>H. Attiya, A. Castaneda, C. Enea<\/p>\n\n\n\n<p>Universally Optimal Information Dissemination and Shortest Paths in the HYBRID Distributed Model<br>Y. Chang, O. Hecht, D. Leitersdorf, P. Schneider<\/p>\n\n\n\n<p>DARE to agree: Byzantine Agreement with Optimal Resilience and Adaptive Communication<br>P. Civit, M. Dzulfikar, S. Gilbert, R. Guerraoui, J. Komatovic, M. Vidigueira<\/p>\n\n\n\n<p>A Tight Lower Bound for 3-Coloring Grids in the Online-LOCAL Model<br>Y. Chang, G. Mishra, H. Nguyen, M. Yang, Y. Yeh<\/p>\n\n\n\n<p>Multi-Party Set Disjointness and Intersection with Bounded Dependence<br>M. Braverman, R. Oshman, T. Roth<\/p>\n\n\n\n<p>(\u0394+1)-Vertex Coloring in O(n) Communication<br>M. Flin, P. Mittal<\/p>\n\n\n\n<p>Deterministic Expander Routing: Faster and More Versatile<br>Y. Chang, S. Huang, H. Su<\/p>\n\n\n\n<p>Tight Lower Bounds in the Supported LOCAL Model<br>A. Balliu, T. Boudier, S. Brandt, D. Olivetti<\/p>\n\n\n\n<p>Swiper: a new paradigm for efficient weighted distributed protocols<br>A. Tonkikh, L. Freitas<\/p>\n\n\n\n<p> Strongly Linearizable LL\/SC<br>F. Naderi Semiromi, P. Woelfel<\/p>\n\n\n\n<p>Computing Minimum Weight Cycle in the CONGEST Model<br>V. Manoharan, V. Ramachandran<\/p>\n\n\n\n<p> Asynchronous Self-stabilization Made Fast, Simple, and Energy-efficient<br>C. Johnen, S. Devismes, F. Mazoit, D. Ilcinkas<\/p>\n\n\n\n<p>Improved All-Pairs Approximate Shortest Paths in Congested Clique<br>H. Bui, S. Chandra, Y. Chang, M. Dory, D. Leitersdorf<\/p>\n\n\n\n<p>System Optimizations for Enabling Training of Extreme Long Sequence Transformer Models<br>S. Jacobs, M. Tanaka, C. Zhang, M. Zhang, R. Aminadabi, S. Song, S. Rajbhandari, Y. He<\/p>\n\n\n\n<p>Fully Energy-Efficient Randomized Backoff: Slow Feedback Loops Yield Fast Contention Resolution<br>M. Bender, J. Fineman, S. Gilbert, J. Kuszmaul, M. Young<\/p>\n\n\n\n<p>Probabilistic Byzantine Fault Tolerance<br>D. Avelas, H. Heydari, T. Distler, E. Alchieri, A. Bessani<\/p>\n\n\n\n<p>A Near-Optimal Low-Energy Deterministic Distributed SSSP with Ramifications on Congestion and APSP<br>M. Ghaffari, A. Trygub<\/p>\n\n\n\n<p>History-Independent Concurrent Objects<br>H. Attiya, M. Bender, M. Farach-Colton, R. Oshman, N. Schiller<\/p>\n\n\n\n<p>On the Communication Complexity of Secure Multi-Party Computation With Aborts<br>J. Bartusek, T. Bergamaschi, S. Khoury, S. Mutreja, O. Paradise<\/p>\n\n\n\n<p>The Fractional Spending Problem: Executing Payment transactions in parallel with less than f+1 validations<br>R. Bazzi, S. Tucci-Piergiovanni<\/p>\n\n\n\n<p>An Efficient RMWable Snapshot Algorithm<br>P. Jayanti, S. Jayanti, S. Jayanti<\/p>\n\n\n\n<p> Adaptive Massively Parallel Coloring in Sparse Graphs<br>R. Latypov, Y. Maus, S. Pai, J. Uitto<\/p>\n\n\n\n<p>Majority consensus thresholds in competitive Lotka-Volterra populations<br>M. F\u00fcgger, T. Nowak, J. Rybicki<\/p>\n\n\n\n<p>Dynamic Size Counting in the Population Protocol Model<br>D. Kaaser, M. Lohmann<\/p>\n\n\n\n<p>Nearly-Optimal Consensus Tolerating Adaptive Omissions: Why a Lot of Randomness is Needed?<br>M. Hajiaghayi, D. Kowalski, J. Olkowski<\/p>\n\n\n\n<p>Faster Randomized Repeated Choice and DCAS<br>D. Bencivenga, G. Giakkoupis, P. Woelfel<\/p>\n\n\n\n<h2 class=\"wp-block-heading\">Brief announcements<\/h2>\n\n\n\n<p>Brief Announcement: Global certification via perfect hashing<br>N. Bousquet, L. Feuilloley, S. Zeitoun<\/p>\n\n\n\n<p>Communication-Optimal Convex Agreement<br>D. Ghinea, C. Liu-Zhang, R. Wattenhofer<\/p>\n\n\n\n<p>Know Your Audience<br>B. Charron-Bost, P. Lambein-Monette<\/p>\n\n\n\n<p>Content-Oblivious Leader Election on Rings<br>F. Frei, R. Gelles, A. Ghazy, A. Nolin<\/p>\n\n\n\n<p>A Case for Byzantine Robustness Against Data Poisoning<br>S. Farhadkhani, R. Guerraoui, N. Gupta, R. Pinot<\/p>\n\n\n\n<p>Local Advice and Local Decompression<br>A. Balliu, S. Brandt, F. Kuhn, K. Nowicki, D. Olivetti, E. Rotenberg, J. Suomela<\/p>\n\n\n\n<p>Simpler and More General Distributed Coloring Based on Simple List Defective Coloring Algorithms<br>M. Fuchs, F. Kuhn<\/p>\n\n\n\n<p>Self-Stabilizing MIS Computation in the Beeping Model<br>G. Giakkoupis, V. Turau, I. Ziccardi<\/p>\n\n\n\n<p>On the Limits of Information Spread by Memory-less Agents<br>N. D&#8217;Archivio, R. Vacus<\/p>\n\n\n\n<p>Improved Massively Parallel Triangle Counting in&nbsp; O(1) Rounds<br>Q. Liu, C. Seshadhri<\/p>\n\n\n\n<p>Low-Distortion Clustering in Bounded Growth Graphs<br>Y. Chang, V. Dani, T. Hayes<\/p>\n\n\n\n<p>Randomized Consensus: Common Coins Are not the Holy Grail!<br>A. Mostefaoui, M. Perrin, J. Weibel<\/p>\n\n\n\n<p>Brief Announcement: Optimally Encoding Information in Chemical Reaction Networks<br>A. Luchsinger, D. Doty, D. Soloveichik<\/p>\n\n\n\n<p>Brief Announcement: Fair Ordering via Streaming Social Choice Theory<br>G. Ramseyer, A. Goel<\/p>\n\n\n\n<p>Brief Announcement: Understanding Read-Write Wait-Free Coverings in the Fully-Anonymous Shared-Memory Model<br>G. Losa, E. Gafni<\/p>\n\n\n\n<p>Brief Announcement: Distributed Model Checking on\u00a0Graphs of Bounded Treedepth<br>F. Fomin, P. Fraigniaud, P. Montealegre, I. Rapaport, I. Todinca<\/p>\n\n\n\n<p>Brief Announcement: Musketeer: Incentive-Compatible Rebalancing for Payment Channel Networks<br>Z. Avarikioti, S. Schmid, S. Tiwari<\/p>\n\n\n\n<p>Brief Announcement. Massively Parallel Ruling Set Made Deterministic<br>J. Giliberti, Z. Parsaeian<\/p>\n\n\n\n<p>Brief Announcement: No Broadcast Abstraction Captures k-Set-Agreement<br>S. Gay, A. Mostefaoui, M. Perrin<\/p>\n","protected":false},"excerpt":{"rendered":"<p>Full Papers Even-Cycle Detection in the Randomized and Quantum CONGEST ModelP. Fraigniaud, M. Luce, F. Magniez, I. Todinca Game Dynamics and Equilibrium Computation in the Population Protocol ModelD. Alistarh, K. Chatterjee, M. Karrabi, J. Lazarsfeld Fully Automated Selfish Mining Analysis in Efficient Proof Systems BlockchainsK. Chatterjee, A. Ebrahim-Zadeh, M. Karrabi, K. Pietrzak, M. Yeo, \u0110. &hellip; <a href=\"https:\/\/www.podc.org\/podc2024\/list-of-accepted-papers\/\" class=\"more-link\">Continue reading<span class=\"screen-reader-text\"> &#8220;List of accepted papers&#8221;<\/span><\/a><\/p>\n","protected":false},"author":26,"featured_media":0,"parent":0,"menu_order":0,"comment_status":"closed","ping_status":"closed","template":"","meta":{"footnotes":""},"class_list":["post-185","page","type-page","status-publish","hentry"],"_links":{"self":[{"href":"https:\/\/www.podc.org\/podc2024\/wp-json\/wp\/v2\/pages\/185","targetHints":{"allow":["GET"]}}],"collection":[{"href":"https:\/\/www.podc.org\/podc2024\/wp-json\/wp\/v2\/pages"}],"about":[{"href":"https:\/\/www.podc.org\/podc2024\/wp-json\/wp\/v2\/types\/page"}],"author":[{"embeddable":true,"href":"https:\/\/www.podc.org\/podc2024\/wp-json\/wp\/v2\/users\/26"}],"replies":[{"embeddable":true,"href":"https:\/\/www.podc.org\/podc2024\/wp-json\/wp\/v2\/comments?post=185"}],"version-history":[{"count":6,"href":"https:\/\/www.podc.org\/podc2024\/wp-json\/wp\/v2\/pages\/185\/revisions"}],"predecessor-version":[{"id":243,"href":"https:\/\/www.podc.org\/podc2024\/wp-json\/wp\/v2\/pages\/185\/revisions\/243"}],"wp:attachment":[{"href":"https:\/\/www.podc.org\/podc2024\/wp-json\/wp\/v2\/media?parent=185"}],"curies":[{"name":"wp","href":"https:\/\/api.w.org\/{rel}","templated":true}]}}