{"id":26,"date":"2025-10-20T15:02:44","date_gmt":"2025-10-20T15:02:44","guid":{"rendered":"https:\/\/www.podc.org\/podc2026\/?page_id=26"},"modified":"2026-01-17T21:45:14","modified_gmt":"2026-01-17T21:45:14","slug":"program-committee","status":"publish","type":"page","link":"https:\/\/www.podc.org\/podc2026\/program-committee\/","title":{"rendered":"Program committee"},"content":{"rendered":"\n<p>Dan Alistarh, Institute of Science and Technology Austria<br>James Aspnes, Yale University, USA<br>Hagit Attiya, Technion, Israel<br>Naama Ben-David, Technion, Israel<br>Sebastian Brandt, CISPA Helmholtz Center for Information Security, Germany<br>Yi-Jun Chang, National University of Singapore<br>Bogdan Chlebus, Augusta University, USA<br>Peter Davies-Peck, Durham University, UK<br>Carole Delporte-Gallet, Universit\u00e9 Paris Cit\u00e9, France<br>Fabien Dufoulon, Lancaster University, UK<br>Faith Ellen, University of Toronto, Canada<br>Antonio Fern\u00e1ndez Anta, IMDEA Networks, Spain<br>Laurent Feuilloley, CNRS\/Universit\u00e9 Lyon, France<br>Diana Ghinea, Lucerne University of Applied Sciences and Arts, Switzerland<br>Emmanuel Godard, Aix-Marseille Universit\u00e9, France<br>Wojciech Golab, University of Waterloo, Canada<br>Danny\u00a0 Hendler, Ben-Gurion University, Israel<br>Taisuke Izumi, Osaka University, Japan<br>Prasad Jayanti, Dartmouth College, USA<br>Colette Johnen, Universit\u00e9 de Bordeaux, France<br>Frederik Mallmann-Trenn, King\u2019s College London, UK<br>Avery Miller, University of Manitoba, Canada<br>Pedro Montealegre, Universidad Adolfo Ib\u00e1\u00f1ez, Chile<br>Madan Musuvathi, Microsoft Research, USA<br>Alexandre Nolin, T\u00e9l\u00e9com SudParis, France<br>Thomas Nowak, ENS Paris-Saclay, France<br>Rotem Oshman, Tel-Aviv University, Israel<br>Shreyas Pai, Indian Institute of Technology Madras, India<br>Gopal Pandurangan, University of Houston, USA<br>Eric Ruppert, York University, Canada <strong>(Chair)<\/strong><br>Michael Spear, Lehigh University, USA<br>Jara Uitto, Aalto University, Finland<br>Robin Vacus, LIP6, France<br>Tijn de Vos, TU Graz, Austria<br>Jennifer Welch, Texas A&amp;M University, USA<br>Michelle X. Yeo, Nanyang Technological University, Singapore and Aarhus University, Denmark<br>Igor Zablotchi, Mysten Labs, Switzerland<br>Isabella Ziccardi, Universit\u00e9 Paris Cit\u00e9, France<\/p>\n","protected":false},"excerpt":{"rendered":"<p>Dan Alistarh, Institute of Science and Technology AustriaJames Aspnes, Yale University, USAHagit Attiya, Technion, IsraelNaama Ben-David, Technion, IsraelSebastian Brandt, CISPA Helmholtz Center for Information Security, GermanyYi-Jun Chang, National University of SingaporeBogdan Chlebus, Augusta University, USAPeter Davies-Peck, Durham University, UKCarole Delporte-Gallet, Universit\u00e9 Paris Cit\u00e9, FranceFabien Dufoulon, Lancaster University, UKFaith Ellen, University of Toronto, CanadaAntonio Fern\u00e1ndez Anta, &hellip; <a href=\"https:\/\/www.podc.org\/podc2026\/program-committee\/\" class=\"more-link\">Continue reading<span class=\"screen-reader-text\"> &#8220;Program committee&#8221;<\/span><\/a><\/p>\n","protected":false},"author":2,"featured_media":0,"parent":0,"menu_order":0,"comment_status":"closed","ping_status":"closed","template":"","meta":{"footnotes":""},"class_list":["post-26","page","type-page","status-publish","hentry"],"_links":{"self":[{"href":"https:\/\/www.podc.org\/podc2026\/wp-json\/wp\/v2\/pages\/26","targetHints":{"allow":["GET"]}}],"collection":[{"href":"https:\/\/www.podc.org\/podc2026\/wp-json\/wp\/v2\/pages"}],"about":[{"href":"https:\/\/www.podc.org\/podc2026\/wp-json\/wp\/v2\/types\/page"}],"author":[{"embeddable":true,"href":"https:\/\/www.podc.org\/podc2026\/wp-json\/wp\/v2\/users\/2"}],"replies":[{"embeddable":true,"href":"https:\/\/www.podc.org\/podc2026\/wp-json\/wp\/v2\/comments?post=26"}],"version-history":[{"count":4,"href":"https:\/\/www.podc.org\/podc2026\/wp-json\/wp\/v2\/pages\/26\/revisions"}],"predecessor-version":[{"id":69,"href":"https:\/\/www.podc.org\/podc2026\/wp-json\/wp\/v2\/pages\/26\/revisions\/69"}],"wp:attachment":[{"href":"https:\/\/www.podc.org\/podc2026\/wp-json\/wp\/v2\/media?parent=26"}],"curies":[{"name":"wp","href":"https:\/\/api.w.org\/{rel}","templated":true}]}}